{"id":968,"date":"2022-08-16T18:21:55","date_gmt":"2022-08-16T18:21:55","guid":{"rendered":"https:\/\/accordmauricie.com\/about-the-organization\/"},"modified":"2023-04-18T18:36:51","modified_gmt":"2023-04-18T18:36:51","slug":"about-the-organization","status":"publish","type":"page","link":"https:\/\/accordmauricie.com\/en\/about-the-organization\/","title":{"rendered":"About the organization"},"content":{"rendered":"<p>[et_pb_section fb_built=&#8221;1&#8243; admin_label=&#8221;Img Bg&#8221; _builder_version=&#8221;4.18.0&#8243; _dynamic_attributes=&#8221;background_image&#8221; _module_preset=&#8221;default&#8221; background_image=&#8221;@ET-DC@eyJkeW5hbWljIjp0cnVlLCJjb250ZW50IjoicG9zdF9mZWF0dXJlZF9pbWFnZSIsInNldHRpbmdzIjp7fX0=@&#8221; positioning=&#8221;fixed&#8221; height=&#8221;100vh&#8221; custom_margin=&#8221;0px|0px|0px|0px|true|true&#8221; custom_padding=&#8221;0px|0px|0px|0px|true|true&#8221; global_module=&#8221;396&#8243; saved_tabs=&#8221;all&#8221; global_colors_info=&#8221;{}&#8221;][\/et_pb_section][et_pb_section fb_built=&#8221;1&#8243; custom_padding_last_edited=&#8221;on|desktop&#8221; admin_label=&#8221;Header Title &#8221; _builder_version=&#8221;4.18.0&#8243; _module_preset=&#8221;4a198525-ab30-4a17-9b75-70f061ccbc70&#8243; custom_padding_tablet=&#8221;150px||||false|false&#8221; custom_padding_phone=&#8221;150px||||false|false&#8221; global_module=&#8221;397&#8243; saved_tabs=&#8221;all&#8221; global_colors_info=&#8221;{}&#8221;][et_pb_row _builder_version=&#8221;4.18.0&#8243; _module_preset=&#8221;default&#8221; height=&#8221;350px&#8221; height_tablet=&#8221;300px&#8221; height_phone=&#8221;250px&#8221; height_last_edited=&#8221;on|desktop&#8221; global_colors_info=&#8221;{}&#8221;][et_pb_column type=&#8221;4_4&#8243; _builder_version=&#8221;4.18.0&#8243; _module_preset=&#8221;default&#8221; global_colors_info=&#8221;{}&#8221;][et_pb_text _builder_version=&#8221;4.18.0&#8243; _dynamic_attributes=&#8221;content&#8221; _module_preset=&#8221;10dce7ec-6078-4462-9b3a-cb5ad1457fdc&#8221; global_colors_info=&#8221;{}&#8221;]@ET-DC@eyJkeW5hbWljIjp0cnVlLCJjb250ZW50IjoicG9zdF90aXRsZSIsInNldHRpbmdzIjp7ImJlZm9yZSI6IjxoMT4iLCJhZnRlciI6IjxcL2gxPiJ9fQ==@[\/et_pb_text][\/et_pb_column][\/et_pb_row][\/et_pb_section][et_pb_section fb_built=&#8221;1&#8243; _builder_version=&#8221;4.18.0&#8243; _module_preset=&#8221;default&#8221; background_color=&#8221;RGBA(255,255,255,0)&#8221; use_background_color_gradient=&#8221;on&#8221; background_color_gradient_stops=&#8221;rgba(51,51,51,0) 1%|#0a0202 40%&#8221; custom_margin=&#8221;||||false|false&#8221; custom_padding=&#8221;0px||250px||false|false&#8221; global_colors_info=&#8221;{}&#8221;][et_pb_row _builder_version=&#8221;4.18.0&#8243; _module_preset=&#8221;default&#8221; custom_padding=&#8221;0px||0px||true|false&#8221; global_module=&#8221;162&#8243; saved_tabs=&#8221;all&#8221; global_colors_info=&#8221;{}&#8221;][et_pb_column type=&#8221;4_4&#8243; _builder_version=&#8221;4.18.0&#8243; _module_preset=&#8221;default&#8221; global_colors_info=&#8221;{}&#8221;][et_pb_divider color=&#8221;#C7B768&#8243; divider_position=&#8221;center&#8221; _builder_version=&#8221;4.18.0&#8243; _module_preset=&#8221;default&#8221; global_colors_info=&#8221;{}&#8221;][\/et_pb_divider][\/et_pb_column][\/et_pb_row][et_pb_row column_structure=&#8221;1_3,2_3&#8243; _builder_version=&#8221;4.18.0&#8243; _module_preset=&#8221;default&#8221; global_colors_info=&#8221;{}&#8221;][et_pb_column type=&#8221;1_3&#8243; _builder_version=&#8221;4.18.0&#8243; _module_preset=&#8221;default&#8221; global_colors_info=&#8221;{}&#8221;][et_pb_text _builder_version=&#8221;4.18.0&#8243; _module_preset=&#8221;a46fb1a5-5787-406c-984c-e5bbd7bf54df&#8221; global_colors_info=&#8221;{}&#8221;]<\/p>\n<h2>The mission<\/h2>\n<p>[\/et_pb_text][\/et_pb_column][et_pb_column type=&#8221;2_3&#8243; _builder_version=&#8221;4.18.0&#8243; _module_preset=&#8221;default&#8221; global_colors_info=&#8221;{}&#8221;][et_pb_text _builder_version=&#8221;4.18.0&#8243; _module_preset=&#8221;0d47efba-35db-465d-a907-6c71a89c9ad6&#8243; global_colors_info=&#8221;{}&#8221;]<\/p>\n<p>Accord Mauricie&#8217;s mission is to offer services to meet the needs of men by deploying various intervention strategies adapted to their individual particularities. More specifically, the organization targets men who adopt attitudes and behaviours of control, domination or violence towards their partner, their children or their loved ones, as well as men in difficulty or in vulnerable situations who present risk factors that could lead them to adopt such behaviours.<\/p>\n<p>[\/et_pb_text][\/et_pb_column][\/et_pb_row][et_pb_row _builder_version=&#8221;4.18.0&#8243; _module_preset=&#8221;default&#8221; custom_padding=&#8221;0px||0px||true|false&#8221; global_module=&#8221;162&#8243; saved_tabs=&#8221;all&#8221; global_colors_info=&#8221;{}&#8221;][et_pb_column type=&#8221;4_4&#8243; _builder_version=&#8221;4.18.0&#8243; _module_preset=&#8221;default&#8221; global_colors_info=&#8221;{}&#8221;][et_pb_divider color=&#8221;#C7B768&#8243; divider_position=&#8221;center&#8221; _builder_version=&#8221;4.18.0&#8243; _module_preset=&#8221;default&#8221; global_colors_info=&#8221;{}&#8221;][\/et_pb_divider][\/et_pb_column][\/et_pb_row][et_pb_row column_structure=&#8221;1_3,2_3&#8243; _builder_version=&#8221;4.18.0&#8243; _module_preset=&#8221;default&#8221; global_colors_info=&#8221;{}&#8221;][et_pb_column type=&#8221;1_3&#8243; _builder_version=&#8221;4.18.0&#8243; _module_preset=&#8221;default&#8221; global_colors_info=&#8221;{}&#8221;][et_pb_text _builder_version=&#8221;4.18.0&#8243; _module_preset=&#8221;a46fb1a5-5787-406c-984c-e5bbd7bf54df&#8221; global_colors_info=&#8221;{}&#8221;]<\/p>\n<h2>The values<\/h2>\n<p>In addition to having, at heart, work for an egalitarian society free of violence, Accord Mauricie relies on five central values which guide its actions. In its relations with its employees, volunteers, clients and partners, the organization advocates:<\/p>\n<p>[\/et_pb_text][\/et_pb_column][et_pb_column type=&#8221;2_3&#8243; _builder_version=&#8221;4.18.0&#8243; _module_preset=&#8221;default&#8221; global_colors_info=&#8221;{}&#8221;][et_pb_text _builder_version=&#8221;4.18.0&#8243; _module_preset=&#8221;a46fb1a5-5787-406c-984c-e5bbd7bf54df&#8221; global_colors_info=&#8221;{}&#8221;]<\/p>\n<h3>An equal relationship:<\/h3>\n<p>We affirm that people\u2019s recognized equality of rights must also be translated by an equality of fact, that is to say, by the concretization of equal treatment between two persons so that each may live with the same reality, experiencing both liberty and dignity.<\/p>\n<p>[\/et_pb_text][et_pb_text _builder_version=&#8221;4.18.0&#8243; _module_preset=&#8221;default&#8221; header_text_color=&#8221;#ffffff&#8221; header_2_text_color=&#8221;#ffffff&#8221; header_3_text_color=&#8221;#d7d7d7&#8243; header_4_text_color=&#8221;#D7D7D7&#8243; header_5_text_color=&#8221;#D7D7D7&#8243; background_layout=&#8221;dark&#8221; animation_style=&#8221;fade&#8221; animation_delay=&#8221;100ms&#8221; global_colors_info=&#8221;{}&#8221;]<\/p>\n<h3>Accountability and empowerment:<\/h3>\n<p>It is the process by which an individual recognizes his actions and assumes the consequences, regardless of circumstances that may explain them. In so doing, the individual commits to improving his condition by becoming aware, reinforcing his potential and undergoing transformation. This value is central to Accord Mauricie&#8217;s philosophy of intervention!<\/p>\n<p>[\/et_pb_text][et_pb_text _builder_version=&#8221;4.18.0&#8243; _module_preset=&#8221;default&#8221; header_text_color=&#8221;#ffffff&#8221; header_2_text_color=&#8221;#ffffff&#8221; header_3_text_color=&#8221;#d7d7d7&#8243; header_4_text_color=&#8221;#D7D7D7&#8243; header_5_text_color=&#8221;#D7D7D7&#8243; background_layout=&#8221;dark&#8221; animation_style=&#8221;fade&#8221; animation_delay=&#8221;100ms&#8221; global_colors_info=&#8221;{}&#8221;]<\/p>\n<h3>Respect and fairness:<\/h3>\n<p>It consists of an attitude of consideration towards people and what they may be experiencing, with justice and impartiality. This value is manifested in our speech, attitude and behaviour in all circumstances, and it refuses any stigmatization.<\/p>\n<p>[\/et_pb_text][et_pb_text _builder_version=&#8221;4.18.0&#8243; _module_preset=&#8221;default&#8221; header_text_color=&#8221;#ffffff&#8221; header_2_text_color=&#8221;#ffffff&#8221; header_3_text_color=&#8221;#d7d7d7&#8243; header_4_text_color=&#8221;#D7D7D7&#8243; header_5_text_color=&#8221;#D7D7D7&#8243; background_layout=&#8221;dark&#8221; animation_style=&#8221;fade&#8221; animation_delay=&#8221;100ms&#8221; global_colors_info=&#8221;{}&#8221;]<\/p>\n<h3>Civility:<\/h3>\n<p>This value translates into &#8220;knowing how to act&#8221; as may be expected of us, based on the continuous development of practices, research and achievement of the highest quality standards. In addition, civility contributes to maintaining a reputation for expertise.<\/p>\n<p>[\/et_pb_text][et_pb_text _builder_version=&#8221;4.18.0&#8243; _module_preset=&#8221;default&#8221; header_text_color=&#8221;#ffffff&#8221; header_2_text_color=&#8221;#ffffff&#8221; header_3_text_color=&#8221;#d7d7d7&#8243; header_4_text_color=&#8221;#D7D7D7&#8243; header_5_text_color=&#8221;#D7D7D7&#8243; background_layout=&#8221;dark&#8221; animation_style=&#8221;fade&#8221; animation_delay=&#8221;100ms&#8221; global_colors_info=&#8221;{}&#8221;]<\/p>\n<h3>Partnership:<\/h3>\n<p>This can be defined as a close collaborative relationship with individuals and organizations that share a common goal. While each organization maintains its own autonomy and mission, the resulting alliance fosters concerted action and ultimately benefits the users served.<\/p>\n<p>[\/et_pb_text][\/et_pb_column][\/et_pb_row][et_pb_row _builder_version=&#8221;4.18.0&#8243; _module_preset=&#8221;default&#8221; custom_padding=&#8221;0px||0px||true|false&#8221; global_module=&#8221;162&#8243; global_colors_info=&#8221;{}&#8221;][et_pb_column type=&#8221;4_4&#8243; _builder_version=&#8221;4.18.0&#8243; _module_preset=&#8221;default&#8221; global_colors_info=&#8221;{}&#8221;][et_pb_divider color=&#8221;#C7B768&#8243; divider_position=&#8221;center&#8221; _builder_version=&#8221;4.18.0&#8243; _module_preset=&#8221;default&#8221; global_colors_info=&#8221;{}&#8221;][\/et_pb_divider][\/et_pb_column][\/et_pb_row][et_pb_row column_structure=&#8221;1_3,2_3&#8243; _builder_version=&#8221;4.18.0&#8243; _module_preset=&#8221;default&#8221; global_colors_info=&#8221;{}&#8221;][et_pb_column type=&#8221;1_3&#8243; _builder_version=&#8221;4.18.0&#8243; _module_preset=&#8221;default&#8221; global_colors_info=&#8221;{}&#8221;][et_pb_text _builder_version=&#8221;4.18.0&#8243; _module_preset=&#8221;a46fb1a5-5787-406c-984c-e5bbd7bf54df&#8221; global_colors_info=&#8221;{}&#8221;]<\/p>\n<h2>The history<\/h2>\n<p>[\/et_pb_text][\/et_pb_column][et_pb_column type=&#8221;2_3&#8243; _builder_version=&#8221;4.18.0&#8243; _module_preset=&#8221;default&#8221; global_colors_info=&#8221;{}&#8221;][dipl_timeline select_timeline_layout=&#8221;dipl_date_tree&#8221; select_timeline_layout_option=&#8221;dipl_timeline_right&#8221; global_timeline_icon_color=&#8221;#ffffff&#8221; timeline_bar_color=&#8221;RGBA(255,255,255,0)&#8221; timeline_bar_fill_color=&#8221;#C7B768&#8243; timeline_bar_shape_border_size=&#8221;2px&#8221; timeline_bar_shape_color=&#8221;#000000&#8243; timeline_bar_shape_fill_color=&#8221;#333333&#8243; timeline_bar_shape_border_color=&#8221;#938551&#8243; timeline_bar_shape_border_fill_color=&#8221;#C7B768&#8243; global_timeline_background_color=&#8221;RGBA(255,255,255,0)&#8221; _builder_version=&#8221;4.18.0&#8243; _module_preset=&#8221;default&#8221; global_timeline_header_text_color=&#8221;#C7B768&#8243; global_timeline_text_text_color=&#8221;#ffffff&#8221; global_timeline_date_font=&#8221;|700|||||||&#8221; global_timeline_date_text_color=&#8221;#ffffff&#8221; global_timeline_date_font_size=&#8221;22px&#8221; global_timeline_date_line_height=&#8221;1em&#8221; hover_enabled=&#8221;0&#8243; global_colors_info=&#8221;{}&#8221; sticky_enabled=&#8221;0&#8243;][dipl_timeline_item timeline_title=&#8221;Accord Mauricie founded&#8221; display_time=&#8221;on&#8221; timeline_custom_time=&#8221;1990&#8243; timeline_image_alt=&#8221;text&#8221; _builder_version=&#8221;4.18.0&#8243; _module_preset=&#8221;default&#8221; global_timeline_date_font=&#8221;Montserrat|700|||||||&#8221; global_timeline_date_font_size=&#8221;26px&#8221; custom_padding=&#8221;||||false|false&#8221; global_colors_info=&#8221;{}&#8221;]<\/p>\n<p>On July 20, 1990, Accord Mauricie was created as a result of the concerted efforts of local actors and stakeholders who saw a crying need for help for abusive spouses.<\/p>\n<p>[\/dipl_timeline_item][dipl_timeline_item timeline_title=&#8221;Research project&#8221; display_time=&#8221;on&#8221; timeline_custom_time=&#8221;1999&#8243; timeline_image_alt=&#8221;text&#8221; _builder_version=&#8221;4.18.0&#8243; _module_preset=&#8221;default&#8221; global_timeline_date_font=&#8221;Montserrat|700|||||||&#8221; global_timeline_date_font_size=&#8221;26px&#8221; global_colors_info=&#8221;{}&#8221;]<\/p>\n<p>From 1999 to 2002, Accord Mauricie participated in a research project on the process of conjugal domination, led by La S\u00e9journelle in collaboration with Public Health, the UQTR and women&#8217;s shelter resources.<\/p>\n<p>[\/dipl_timeline_item][dipl_timeline_item timeline_title=&#8221;The Tribute Award&#8221; display_time=&#8221;on&#8221; timeline_custom_time=&#8221;2003&#8243; _builder_version=&#8221;4.18.0&#8243; _module_preset=&#8221;default&#8221; global_timeline_date_font=&#8221;Montserrat|700|||||||&#8221; global_timeline_date_font_size=&#8221;26px&#8221; global_colors_info=&#8221;{}&#8221;]<\/p>\n<p>In 2003, Robert Ayotte received the &#8220;Hommage aux compagnons de route pour leur soutien \u00e0 la lutte des femmes pour l&#8217;\u00e9galit\u00e9&#8221; (Tribute to fellow travellers for their support of women&#8217;s fight for equality) award from the Conseil du statut de la femme (Council on the Status of Women), presented by Lise Payette.<\/p>\n<p>[\/dipl_timeline_item][dipl_timeline_item timeline_title=&#8221;A collaboration is born&#8221; display_time=&#8221;on&#8221; timeline_custom_time=&#8221;2004&#8243; _builder_version=&#8221;4.18.0&#8243; _module_preset=&#8221;default&#8221; global_timeline_date_font=&#8221;Montserrat|700|||||||&#8221; global_timeline_date_font_size=&#8221;26px&#8221; global_colors_info=&#8221;{}&#8221;]<\/p>\n<p>In 2004, a collaboration began between Accord Mauricie and organizations providing help for men in Belgium. This was an occasion for Mr. Robert Ayotte to offer several workshops on the Processus de domination conjugale (PDC) (Conjugal Domination Process \u2013 CDP).<\/p>\n<p>[\/dipl_timeline_item][dipl_timeline_item timeline_title=&#8221;The departure of a great friend&#8221; display_time=&#8221;on&#8221; timeline_custom_time=&#8221;2010&#8243; _builder_version=&#8221;4.18.0&#8243; _module_preset=&#8221;default&#8221; global_timeline_date_font=&#8221;Montserrat|700|||||||&#8221; global_timeline_date_font_size=&#8221;26px&#8221; global_colors_info=&#8221;{}&#8221;]<\/p>\n<p>In 2010, the sad departure of a great friend of Accord Mauricie occurred. Mr. Jacques Brou\u00e9, long-time collaborator and clinical supervisor at Accord Mauricie passed away. The organization owes a lot to this man, and the whole team is deeply grateful for his contribution.<\/p>\n<p>[\/dipl_timeline_item][dipl_timeline_item timeline_title=&#8221;The Foundation is dissolved&#8221; display_time=&#8221;on&#8221; timeline_custom_time=&#8221;2011&#8243; _builder_version=&#8221;4.18.0&#8243; _module_preset=&#8221;default&#8221; global_timeline_date_font=&#8221;Montserrat|700|||||||&#8221; global_timeline_date_font_size=&#8221;26px&#8221; global_colors_info=&#8221;{}&#8221;]<\/p>\n<p>In 2011, the Fondation Accord Mauricie was dissolved to allow the organization to acquire its current property. Since 1995, the Foundation&#8217;s mission has been to raise funds, notably through art auctions.<\/p>\n<p>[\/dipl_timeline_item][dipl_timeline_item timeline_title=&#8221;Collaboration with Caring Dads&#8221; display_time=&#8221;on&#8221; timeline_custom_time=&#8221;2017&#8243; _builder_version=&#8221;4.18.0&#8243; _module_preset=&#8221;default&#8221; global_timeline_date_font=&#8221;Montserrat|700|||||||&#8221; global_timeline_date_font_size=&#8221;26px&#8221; global_colors_info=&#8221;{}&#8221;]<\/p>\n<p>In 2017, a new collaboration began with the English-language program, Caring Dads. This led to the birth of a new and much appreciated service that is still active today: the Papas bienveillants (Caring Dads) group.<\/p>\n<p>[\/dipl_timeline_item][dipl_timeline_item timeline_title=&#8221;Update&#8221; display_time=&#8221;on&#8221; timeline_custom_time=&#8221;2018&#8243; _builder_version=&#8221;4.18.0&#8243; _module_preset=&#8221;default&#8221; global_timeline_date_font=&#8221;Montserrat|700|||||||&#8221; global_timeline_date_font_size=&#8221;26px&#8221; global_colors_info=&#8221;{}&#8221;]<\/p>\n<p>In 2018, the organization updated its letters patent to reflect new male realities and to act to prevent violence. Thus, the Hommes en difficult\u00e9 (Men in Difficulty) component was born.<\/p>\n<p>[\/dipl_timeline_item][dipl_timeline_item timeline_title=&#8221;The beginning of a new adventure!&#8221; display_time=&#8221;on&#8221; timeline_custom_time=&#8221;2019&#8243; _builder_version=&#8221;4.18.0&#8243; _module_preset=&#8221;default&#8221; global_timeline_date_font=&#8221;Montserrat|700|||||||&#8221; global_timeline_date_font_size=&#8221;26px&#8221; hover_enabled=&#8221;0&#8243; global_colors_info=&#8221;{}&#8221; sticky_enabled=&#8221;0&#8243;]<\/p>\n<p>In 2019, after 30 years of service, Mr. Robert Ayotte said farewell to Accord Mauricie. Recognized for his strong commitment to the community, he was involved in many clinical projects. At the same time, Mrs. Claudia Champagne arrived as director. The start of a new adventure!<\/p>\n<p>[\/dipl_timeline_item][dipl_timeline_item timeline_title=&#8221;Virtual meetings&#8221; display_time=&#8221;on&#8221; timeline_custom_time=&#8221;2020&#8243; _builder_version=&#8221;4.18.0&#8243; _module_preset=&#8221;default&#8221; global_timeline_date_font=&#8221;Montserrat|700|||||||&#8221; global_timeline_date_font_size=&#8221;26px&#8221; global_colors_info=&#8221;{}&#8221;]<\/p>\n<p>In 2020, while the planet was facing the COVID19 pandemic, Accord Mauricie knew how to adapt and be tenacious. Telepractice took its place among our services, particularly via virtual meetings with the clientele, and new development projects also saw the light of day.<\/p>\n<p>[\/dipl_timeline_item][dipl_timeline_item timeline_title=&#8221;New challenges for society&#8221; display_time=&#8221;on&#8221; timeline_custom_time=&#8221;2020&#8243; _builder_version=&#8221;4.18.0&#8243; _module_preset=&#8221;default&#8221; global_timeline_date_font=&#8221;Montserrat|700|||||||&#8221; global_timeline_date_font_size=&#8221;26px&#8221; global_colors_info=&#8221;{}&#8221;]<\/p>\n<p>During 2020-2021, Accord Mauricie launched a strategic planning process in order to take into account new societal issues and be on the lookout for the best practices in this field.<\/p>\n<p>[\/dipl_timeline_item][\/dipl_timeline][\/et_pb_column][\/et_pb_row][et_pb_row _builder_version=&#8221;4.18.0&#8243; _module_preset=&#8221;default&#8221; custom_padding=&#8221;0px||0px||true|false&#8221; global_module=&#8221;162&#8243; global_colors_info=&#8221;{}&#8221;][et_pb_column type=&#8221;4_4&#8243; _builder_version=&#8221;4.18.0&#8243; _module_preset=&#8221;default&#8221; global_colors_info=&#8221;{}&#8221;][et_pb_divider color=&#8221;#C7B768&#8243; divider_position=&#8221;center&#8221; _builder_version=&#8221;4.18.0&#8243; _module_preset=&#8221;default&#8221; global_colors_info=&#8221;{}&#8221;][\/et_pb_divider][\/et_pb_column][\/et_pb_row][\/et_pb_section][et_pb_section fb_built=&#8221;1&#8243; _builder_version=&#8221;4.18.0&#8243; _module_preset=&#8221;default&#8221; custom_padding=&#8221;||||false|false&#8221; top_divider_style=&#8221;curve&#8221; top_divider_color=&#8221;#0a0202&#8243; top_divider_height=&#8221;50px&#8221; top_divider_flip=&#8221;vertical&#8221; locked=&#8221;off&#8221; global_colors_info=&#8221;{}&#8221;][et_pb_row _builder_version=&#8221;4.18.0&#8243; _module_preset=&#8221;bbfac29c-f4c4-43ce-bf03-36719834c8f3&#8243; global_colors_info=&#8221;{}&#8221;][et_pb_column type=&#8221;4_4&#8243; _builder_version=&#8221;4.18.0&#8243; _module_preset=&#8221;default&#8221; global_colors_info=&#8221;{}&#8221;][dipl_image_card_carousel slide_effect=&#8221;cube&#8221; equalize_slides_height=&#8221;on&#8221; slider_loop=&#8221;on&#8221; autoplay_speed=&#8221;8000&#8243; _builder_version=&#8221;4.18.0&#8243; _module_preset=&#8221;4dd17856-faf2-4f07-a690-1637f5acf6d4&#8243; locked=&#8221;off&#8221; global_colors_info=&#8221;{}&#8221;][dipl_image_card_carousel_item title=&#8221;Getting help means sorting things out on your own\u2026 &#8221; _builder_version=&#8221;4.18.0&#8243; _module_preset=&#8221;default&#8221; global_colors_info=&#8221;{}&#8221;]<\/p>\n<p>but with the right tools!<\/p>\n<p>[\/dipl_image_card_carousel_item][dipl_image_card_carousel_item title=&#8221;Working to stop violence is a team sport. &#8221; _builder_version=&#8221;4.18.0&#8243; _module_preset=&#8221;default&#8221; global_colors_info=&#8221;{}&#8221;]<\/p>\n<p>And there&#8217;s a whole team of professionals and other men like you who are there to help you!<\/p>\n<p>[\/dipl_image_card_carousel_item][dipl_image_card_carousel_item title=&#8221;More than one out of three men in Accord Mauricie admits to having had suicidal thoughts, and one out of two men shows signs of depression&#8230; &#8221; _builder_version=&#8221;4.18.0&#8243; _module_preset=&#8221;62c0c111-38fc-4dfc-8669-7da673499fe3&#8243; global_colors_info=&#8221;{}&#8221;]<\/p>\n<p>Violence is not a problem without a solution. With help and effort, everything can change!<\/p>\n<p>[\/dipl_image_card_carousel_item][dipl_image_card_carousel_item title=&#8221;More than 300 men come for help each year. &#8221; _builder_version=&#8221;4.18.0&#8243; _module_preset=&#8221;default&#8221; global_colors_info=&#8221;{}&#8221;]<\/p>\n<p>That&#8217;s 300 good reasons to believe that violence can be stopped!<\/p>\n<p>[\/dipl_image_card_carousel_item][\/dipl_image_card_carousel][\/et_pb_column][\/et_pb_row][et_pb_row _builder_version=&#8221;4.18.0&#8243; _module_preset=&#8221;default&#8221; custom_margin=&#8221;50px||||false|false&#8221; global_colors_info=&#8221;{}&#8221;][et_pb_column type=&#8221;4_4&#8243; _builder_version=&#8221;4.18.0&#8243; _module_preset=&#8221;default&#8221; global_colors_info=&#8221;{}&#8221;][et_pb_button button_url=&#8221;@ET-DC@eyJkeW5hbWljIjp0cnVlLCJjb250ZW50IjoicG9zdF9saW5rX3VybF9wYWdlIiwic2V0dGluZ3MiOnsicG9zdF9pZCI6IjEzIn19@&#8221; button_text=&#8221;Support services&#8221; button_alignment=&#8221;center&#8221; _builder_version=&#8221;4.18.0&#8243; _dynamic_attributes=&#8221;button_url&#8221; _module_preset=&#8221;default&#8221; global_colors_info=&#8221;{}&#8221;][\/et_pb_button][\/et_pb_column][\/et_pb_row][\/et_pb_section]<\/p>\n","protected":false},"excerpt":{"rendered":"<p>The missionAccord Mauricie&#8217;s mission is to offer services to meet the needs of men by deploying various intervention strategies adapted to their individual particularities. More specifically, the organization targets men who adopt attitudes and behaviours of control, domination or violence towards their partner, their children or their loved ones, as well as men in difficulty [&hellip;]<\/p>\n","protected":false},"author":1,"featured_media":910,"parent":0,"menu_order":0,"comment_status":"closed","ping_status":"closed","template":"","meta":{"_acf_changed":false,"_et_pb_use_builder":"on","_et_pb_old_content":"","_et_gb_content_width":"","footnotes":""},"acf":[],"_links":{"self":[{"href":"https:\/\/accordmauricie.com\/en\/wp-json\/wp\/v2\/pages\/968"}],"collection":[{"href":"https:\/\/accordmauricie.com\/en\/wp-json\/wp\/v2\/pages"}],"about":[{"href":"https:\/\/accordmauricie.com\/en\/wp-json\/wp\/v2\/types\/page"}],"author":[{"embeddable":true,"href":"https:\/\/accordmauricie.com\/en\/wp-json\/wp\/v2\/users\/1"}],"replies":[{"embeddable":true,"href":"https:\/\/accordmauricie.com\/en\/wp-json\/wp\/v2\/comments?post=968"}],"version-history":[{"count":14,"href":"https:\/\/accordmauricie.com\/en\/wp-json\/wp\/v2\/pages\/968\/revisions"}],"predecessor-version":[{"id":1003,"href":"https:\/\/accordmauricie.com\/en\/wp-json\/wp\/v2\/pages\/968\/revisions\/1003"}],"wp:featuredmedia":[{"embeddable":true,"href":"https:\/\/accordmauricie.com\/en\/wp-json\/wp\/v2\/media\/910"}],"wp:attachment":[{"href":"https:\/\/accordmauricie.com\/en\/wp-json\/wp\/v2\/media?parent=968"}],"curies":[{"name":"wp","href":"https:\/\/api.w.org\/{rel}","templated":true}]}}