{"id":1066,"date":"2022-08-16T18:22:24","date_gmt":"2022-08-16T18:22:24","guid":{"rendered":"https:\/\/accordmauricie.com\/breakups-and-other-difficulties\/"},"modified":"2023-04-19T18:39:54","modified_gmt":"2023-04-19T18:39:54","slug":"breakups-and-other-difficulties","status":"publish","type":"page","link":"https:\/\/accordmauricie.com\/en\/breakups-and-other-difficulties\/","title":{"rendered":"Breakups and other difficulties"},"content":{"rendered":"<p>[et_pb_section fb_built=&#8221;1&#8243; admin_label=&#8221;Img Bg&#8221; _builder_version=&#8221;4.18.0&#8243; _dynamic_attributes=&#8221;background_image&#8221; _module_preset=&#8221;default&#8221; background_image=&#8221;@ET-DC@eyJkeW5hbWljIjp0cnVlLCJjb250ZW50IjoicG9zdF9mZWF0dXJlZF9pbWFnZSIsInNldHRpbmdzIjp7fX0=@&#8221; positioning=&#8221;fixed&#8221; height=&#8221;100vh&#8221; custom_margin=&#8221;0px|0px|0px|0px|true|true&#8221; custom_padding=&#8221;0px|0px|0px|0px|true|true&#8221; global_module=&#8221;396&#8243; global_colors_info=&#8221;{}&#8221;][\/et_pb_section][et_pb_section fb_built=&#8221;1&#8243; custom_padding_last_edited=&#8221;on|desktop&#8221; admin_label=&#8221;Header Title &#8221; _builder_version=&#8221;4.18.0&#8243; _module_preset=&#8221;4a198525-ab30-4a17-9b75-70f061ccbc70&#8243; custom_padding_tablet=&#8221;150px||||false|false&#8221; custom_padding_phone=&#8221;150px||||false|false&#8221; global_module=&#8221;397&#8243; saved_tabs=&#8221;all&#8221; global_colors_info=&#8221;{}&#8221;][et_pb_row _builder_version=&#8221;4.18.0&#8243; _module_preset=&#8221;default&#8221; height=&#8221;350px&#8221; height_tablet=&#8221;300px&#8221; height_phone=&#8221;250px&#8221; height_last_edited=&#8221;on|desktop&#8221; global_colors_info=&#8221;{}&#8221;][et_pb_column type=&#8221;4_4&#8243; _builder_version=&#8221;4.18.0&#8243; _module_preset=&#8221;default&#8221; global_colors_info=&#8221;{}&#8221;][et_pb_text _builder_version=&#8221;4.18.0&#8243; _dynamic_attributes=&#8221;content&#8221; _module_preset=&#8221;10dce7ec-6078-4462-9b3a-cb5ad1457fdc&#8221; global_colors_info=&#8221;{}&#8221;]@ET-DC@eyJkeW5hbWljIjp0cnVlLCJjb250ZW50IjoicG9zdF90aXRsZSIsInNldHRpbmdzIjp7ImJlZm9yZSI6IjxoMT4iLCJhZnRlciI6IjxcL2gxPiJ9fQ==@[\/et_pb_text][\/et_pb_column][\/et_pb_row][\/et_pb_section][et_pb_section fb_built=&#8221;1&#8243; _builder_version=&#8221;4.18.0&#8243; _module_preset=&#8221;default&#8221; background_color=&#8221;RGBA(255,255,255,0)&#8221; use_background_color_gradient=&#8221;on&#8221; background_color_gradient_stops=&#8221;rgba(51,51,51,0) 1%|#0a0202 40%&#8221; custom_margin=&#8221;||||false|false&#8221; custom_padding=&#8221;0px||250px||false|false&#8221; global_colors_info=&#8221;{}&#8221;][et_pb_row _builder_version=&#8221;4.18.0&#8243; _module_preset=&#8221;default&#8221; custom_padding=&#8221;0px||0px||true|false&#8221; global_module=&#8221;162&#8243; global_colors_info=&#8221;{}&#8221;][et_pb_column type=&#8221;4_4&#8243; _builder_version=&#8221;4.18.0&#8243; _module_preset=&#8221;default&#8221; global_colors_info=&#8221;{}&#8221;][et_pb_divider color=&#8221;#C7B768&#8243; divider_position=&#8221;center&#8221; _builder_version=&#8221;4.18.0&#8243; _module_preset=&#8221;default&#8221; global_colors_info=&#8221;{}&#8221;][\/et_pb_divider][\/et_pb_column][\/et_pb_row][et_pb_row column_structure=&#8221;1_3,2_3&#8243; _builder_version=&#8221;4.18.0&#8243; _module_preset=&#8221;default&#8221; custom_padding=&#8221;||0px|||&#8221; global_colors_info=&#8221;{}&#8221;][et_pb_column type=&#8221;1_3&#8243; _builder_version=&#8221;4.18.0&#8243; _module_preset=&#8221;default&#8221; global_colors_info=&#8221;{}&#8221;][et_pb_text _builder_version=&#8221;4.18.0&#8243; _module_preset=&#8221;a46fb1a5-5787-406c-984c-e5bbd7bf54df&#8221; global_colors_info=&#8221;{}&#8221;]<\/p>\n<h2>The breakup of a love affair<\/h2>\n<p>[\/et_pb_text][\/et_pb_column][et_pb_column type=&#8221;2_3&#8243; _builder_version=&#8221;4.18.0&#8243; _module_preset=&#8221;default&#8221; global_colors_info=&#8221;{}&#8221;][et_pb_text _builder_version=&#8221;4.18.0&#8243; _module_preset=&#8221;0d47efba-35db-465d-a907-6c71a89c9ad6&#8243; global_colors_info=&#8221;{}&#8221;]<\/p>\n<p>The breakup of a relationship is a major source of stress in a person&#8217;s life. It brings its share of emotions, worries&#8230; and reactions! Of course, this is experienced differently from one person to another and according to the circumstances of the breakup. The important thing here is to remember that there are different stages to go through and above all, that it is possible to go through them! But beyond the difficulties, there are efforts and choices to be made: how would you like it to turn out?<\/p>\n<p>[\/et_pb_text][\/et_pb_column][\/et_pb_row][et_pb_row column_structure=&#8221;1_3,1_3,1_3&#8243; _builder_version=&#8221;4.18.0&#8243; _module_preset=&#8221;default&#8221; global_colors_info=&#8221;{}&#8221;][et_pb_column type=&#8221;1_3&#8243; _builder_version=&#8221;4.18.0&#8243; _module_preset=&#8221;default&#8221; global_colors_info=&#8221;{}&#8221;][\/et_pb_column][et_pb_column type=&#8221;1_3&#8243; _builder_version=&#8221;4.18.0&#8243; _module_preset=&#8221;default&#8221; global_colors_info=&#8221;{}&#8221;][et_pb_text _builder_version=&#8221;4.18.0&#8243; _module_preset=&#8221;a46fb1a5-5787-406c-984c-e5bbd7bf54df&#8221; background_color=&#8221;#333333&#8243; custom_padding=&#8221;20px|20px|20px|20px|true|true&#8221; border_radii=&#8221;on|20px|20px|20px|20px&#8221; global_colors_info=&#8221;{}&#8221;]<\/p>\n<h3>Refusing to break up\u2026<\/h3>\n<p><em>Reacting insistently, nagging, and watching her every move. Speaking ill of her to mutual friends or even children. Isolating yourself, diving into excessive consumption or other forms of dependency, harboring frustrations, resentment, jealousy, etc.<\/em><\/p>\n<p>[\/et_pb_text][\/et_pb_column][et_pb_column type=&#8221;1_3&#8243; _builder_version=&#8221;4.18.0&#8243; _module_preset=&#8221;default&#8221; global_colors_info=&#8221;{}&#8221;][et_pb_text _builder_version=&#8221;4.18.0&#8243; _module_preset=&#8221;a46fb1a5-5787-406c-984c-e5bbd7bf54df&#8221; background_color=&#8221;#333333&#8243; custom_padding=&#8221;20px|20px|20px|20px|true|true&#8221; border_radii=&#8221;on|20px|20px|20px|20px&#8221; global_colors_info=&#8221;{}&#8221;]<\/p>\n<h3>Accepting the facts\u2026<\/h3>\n<p><em>Despite the pain, choose to be proactive. Ask for help, express your emotions and welcome your pain, your vulnerability. Take care of yourself, take time for yourself. Continue to be involved with the children, do social activities, reorganize daily life, etc.<\/em><\/p>\n<p>[\/et_pb_text][\/et_pb_column][\/et_pb_row][et_pb_row column_structure=&#8221;1_3,2_3&#8243; _builder_version=&#8221;4.18.0&#8243; _module_preset=&#8221;default&#8221; global_colors_info=&#8221;{}&#8221;][et_pb_column type=&#8221;1_3&#8243; _builder_version=&#8221;4.18.0&#8243; _module_preset=&#8221;default&#8221; global_colors_info=&#8221;{}&#8221;][\/et_pb_column][et_pb_column type=&#8221;2_3&#8243; _builder_version=&#8221;4.18.0&#8243; _module_preset=&#8221;default&#8221; global_colors_info=&#8221;{}&#8221;][et_pb_text _builder_version=&#8221;4.18.0&#8243; _module_preset=&#8221;a46fb1a5-5787-406c-984c-e5bbd7bf54df&#8221; hover_enabled=&#8221;0&#8243; global_colors_info=&#8221;{}&#8221; sticky_enabled=&#8221;0&#8243;]<\/p>\n<p>It is recognized that a breakup is a risk factor for the appearance of violent behaviour or escalation towards even more explosive forms. Talking about a rupture at Accord Mauricie is therefore also contributing to the prevention of violence!<\/p>\n<p>[\/et_pb_text][\/et_pb_column][\/et_pb_row][et_pb_row _builder_version=&#8221;4.18.0&#8243; _module_preset=&#8221;default&#8221; custom_padding=&#8221;0px||0px||true|false&#8221; global_module=&#8221;162&#8243; global_colors_info=&#8221;{}&#8221;][et_pb_column type=&#8221;4_4&#8243; _builder_version=&#8221;4.18.0&#8243; _module_preset=&#8221;default&#8221; global_colors_info=&#8221;{}&#8221;][et_pb_divider color=&#8221;#C7B768&#8243; divider_position=&#8221;center&#8221; _builder_version=&#8221;4.18.0&#8243; _module_preset=&#8221;default&#8221; global_colors_info=&#8221;{}&#8221;][\/et_pb_divider][\/et_pb_column][\/et_pb_row][et_pb_row column_structure=&#8221;1_3,2_3&#8243; _builder_version=&#8221;4.18.0&#8243; _module_preset=&#8221;default&#8221; global_colors_info=&#8221;{}&#8221;][et_pb_column type=&#8221;1_3&#8243; _builder_version=&#8221;4.18.0&#8243; _module_preset=&#8221;default&#8221; global_colors_info=&#8221;{}&#8221;][et_pb_text _builder_version=&#8221;4.18.0&#8243; _module_preset=&#8221;a46fb1a5-5787-406c-984c-e5bbd7bf54df&#8221; global_colors_info=&#8221;{}&#8221;]<\/p>\n<h2>Being a victim of violence<\/h2>\n<p>[\/et_pb_text][\/et_pb_column][et_pb_column type=&#8221;2_3&#8243; _builder_version=&#8221;4.18.0&#8243; _module_preset=&#8221;default&#8221; global_colors_info=&#8221;{}&#8221;][et_pb_text _builder_version=&#8221;4.18.0&#8243; _module_preset=&#8221;0d47efba-35db-465d-a907-6c71a89c9ad6&#8243; global_colors_info=&#8221;{}&#8221;]<\/p>\n<p>Do you feel like you&#8217;re walking on eggshells with your partner, that what you do is &#8220;never right&#8221;&#8230;? Or do you feel that you were abused as a child and that it still affects your life? Yes, men can also be victims of conjugal and family violence. It may be taboo, it may be difficult to recognize and name, but it is possible. And the consequences are just as damaging! Let&#8217;s talk about it.<\/p>\n<p>[\/et_pb_text][et_pb_text _builder_version=&#8221;4.18.0&#8243; _module_preset=&#8221;a46fb1a5-5787-406c-984c-e5bbd7bf54df&#8221; global_colors_info=&#8221;{}&#8221;]<\/p>\n<h5>Some examples of violent behaviour<\/h5>\n<p>Your partner blames you for the difficulties in the relationship;<\/p>\n<ul>\n<li>\n<p>She yells at you, threatens you or belittles you;<\/p>\n<\/li>\n<li>\n<p>She challenges your perceptions, makes you doubt yourself;<\/p>\n<\/li>\n<li>\n<p>She often blames you and makes excessive demands of you, etc.<\/p>\n<\/li>\n<\/ul>\n<p>\u2026 Or you were belittled, neglected, yelled at or even beaten when you were young\u2026<\/p>\n<p>[\/et_pb_text][et_pb_text _builder_version=&#8221;4.18.0&#8243; _module_preset=&#8221;a46fb1a5-5787-406c-984c-e5bbd7bf54df&#8221; global_colors_info=&#8221;{}&#8221;]<\/p>\n<h5>Some examples of impacts on your life<\/h5>\n<ul>\n<li>\n<p>You feel guilty or ashamed;<\/p>\n<\/li>\n<li>\n<p>You feel devalued, your self-esteem diminishes;<\/p>\n<\/li>\n<li>\n<p>You doubt yourself, you feel confused in your thoughts;<\/p>\n<\/li>\n<li>\n<p>You don\u2019t allow yourself to express your feelings or do activities you enjoy;<\/p>\n<\/li>\n<li>\n<p>You have a lot of anger or other overwhelming emotions, etc.<\/p>\n<\/li>\n<\/ul>\n<p>[\/et_pb_text][et_pb_text _builder_version=&#8221;4.18.0&#8243; _module_preset=&#8221;a46fb1a5-5787-406c-984c-e5bbd7bf54df&#8221; hover_enabled=&#8221;0&#8243; global_colors_info=&#8221;{}&#8221; sticky_enabled=&#8221;0&#8243;]<\/p>\n<p>Does this ring any bells? The first step is to become aware of it, to identify the problem. Then, it is important not be stuck alone with what you are experiencing. You can contact us! At Accord Mauricie, we can listen to you and support you without judgement.<\/p>\n<p>[\/et_pb_text][\/et_pb_column][\/et_pb_row][et_pb_row _builder_version=&#8221;4.18.0&#8243; _module_preset=&#8221;default&#8221; custom_padding=&#8221;0px||0px||true|false&#8221; global_module=&#8221;162&#8243; global_colors_info=&#8221;{}&#8221;][et_pb_column type=&#8221;4_4&#8243; _builder_version=&#8221;4.18.0&#8243; _module_preset=&#8221;default&#8221; global_colors_info=&#8221;{}&#8221;][et_pb_divider color=&#8221;#C7B768&#8243; divider_position=&#8221;center&#8221; _builder_version=&#8221;4.18.0&#8243; _module_preset=&#8221;default&#8221; global_colors_info=&#8221;{}&#8221;][\/et_pb_divider][\/et_pb_column][\/et_pb_row][et_pb_row column_structure=&#8221;1_3,2_3&#8243; _builder_version=&#8221;4.18.0&#8243; _module_preset=&#8221;default&#8221; global_colors_info=&#8221;{}&#8221;][et_pb_column type=&#8221;1_3&#8243; _builder_version=&#8221;4.18.0&#8243; _module_preset=&#8221;default&#8221; global_colors_info=&#8221;{}&#8221;][et_pb_text _builder_version=&#8221;4.18.0&#8243; _module_preset=&#8221;a46fb1a5-5787-406c-984c-e5bbd7bf54df&#8221; global_colors_info=&#8221;{}&#8221;]<\/p>\n<h2>The trials of life<\/h2>\n<p>[\/et_pb_text][\/et_pb_column][et_pb_column type=&#8221;2_3&#8243; _builder_version=&#8221;4.18.0&#8243; _module_preset=&#8221;default&#8221; global_colors_info=&#8221;{}&#8221;][et_pb_text _builder_version=&#8221;4.18.0&#8243; _module_preset=&#8221;a46fb1a5-5787-406c-984c-e5bbd7bf54df&#8221; hover_enabled=&#8221;0&#8243; global_colors_info=&#8221;{}&#8221; sticky_enabled=&#8221;0&#8243;]<\/p>\n<p>Have you ever felt overwhelmed by a situation? You think that normally you manage to handle difficulties well, but this time it&#8217;s too much? Everyday life is full of challenges and sometimes unexpected events that shake up our habits. Whether it&#8217;s tension in the couple or the family, a job loss, the birth of a child or the illness of a loved one, there are many examples of sources of stress.<\/p>\n<p>How do you react to this stress? Do you tend to endure and not talk about it too much? Do you feel overwhelmed by difficult emotions? Or do you feel that your aggressiveness has increased lately? At Accord Mauricie, we are able to help you through this difficult stage. We are here to listen to you, accompany you and help you find positive ways to manage your emotions, with respect for yourself and others.<\/p>\n<p>[\/et_pb_text][\/et_pb_column][\/et_pb_row][et_pb_row _builder_version=&#8221;4.18.0&#8243; _module_preset=&#8221;default&#8221; custom_padding=&#8221;0px||0px||true|false&#8221; global_module=&#8221;162&#8243; global_colors_info=&#8221;{}&#8221;][et_pb_column type=&#8221;4_4&#8243; _builder_version=&#8221;4.18.0&#8243; _module_preset=&#8221;default&#8221; global_colors_info=&#8221;{}&#8221;][et_pb_divider color=&#8221;#C7B768&#8243; divider_position=&#8221;center&#8221; _builder_version=&#8221;4.18.0&#8243; _module_preset=&#8221;default&#8221; global_colors_info=&#8221;{}&#8221;][\/et_pb_divider][\/et_pb_column][\/et_pb_row][\/et_pb_section][et_pb_section fb_built=&#8221;1&#8243; _builder_version=&#8221;4.18.0&#8243; _module_preset=&#8221;default&#8221; custom_padding=&#8221;||||false|false&#8221; top_divider_style=&#8221;curve&#8221; top_divider_color=&#8221;#0a0202&#8243; top_divider_height=&#8221;50px&#8221; top_divider_flip=&#8221;vertical&#8221; locked=&#8221;off&#8221; global_colors_info=&#8221;{}&#8221;][et_pb_row _builder_version=&#8221;4.18.0&#8243; _module_preset=&#8221;bbfac29c-f4c4-43ce-bf03-36719834c8f3&#8243; global_colors_info=&#8221;{}&#8221;][et_pb_column type=&#8221;4_4&#8243; _builder_version=&#8221;4.18.0&#8243; _module_preset=&#8221;default&#8221; global_colors_info=&#8221;{}&#8221;][dipl_image_card_carousel slide_effect=&#8221;cube&#8221; equalize_slides_height=&#8221;on&#8221; slider_loop=&#8221;on&#8221; autoplay_speed=&#8221;8000&#8243; _builder_version=&#8221;4.18.0&#8243; _module_preset=&#8221;4dd17856-faf2-4f07-a690-1637f5acf6d4&#8243; hover_enabled=&#8221;0&#8243; locked=&#8221;off&#8221; global_colors_info=&#8221;{}&#8221; sticky_enabled=&#8221;0&#8243;][dipl_image_card_carousel_item title=&#8221;La violence psychologique et verbale sont les formes les plus souvent rapport\u00e9es par les hommes \u00e0 Accord Mauricie. &#8221; _builder_version=&#8221;4.18.0&#8243; _module_preset=&#8221;default&#8221; hover_enabled=&#8221;0&#8243; global_colors_info=&#8221;{}&#8221; sticky_enabled=&#8221;0&#8243;]<\/p>\n<p>Pas besoin d\u2019avoir frapp\u00e9 pour que ce soit un probl\u00e8me. Et un probl\u00e8me qui peut \u00eatre chang\u00e9!<\/p>\n<p>[\/dipl_image_card_carousel_item][dipl_image_card_carousel_item title=&#8221;Plus de 300 hommes viennent chercher de l\u2019aide \u00e0 chaque ann\u00e9e. &#8221; _builder_version=&#8221;4.18.0&#8243; _module_preset=&#8221;default&#8221; global_colors_info=&#8221;{}&#8221;]<\/p>\n<p>C\u2019est 300 bonnes raisons de croire que la violence peut cesser !<\/p>\n<p>[\/dipl_image_card_carousel_item][dipl_image_card_carousel_item title=&#8221;Aller chercher de l\u2019aide, c\u2019est s\u2019en sortir par soi-m\u00eame\u2026 &#8221; _builder_version=&#8221;4.18.0&#8243; _module_preset=&#8221;default&#8221; global_colors_info=&#8221;{}&#8221;]<\/p>\n<p>mais avec les bons outils !<\/p>\n<p>[\/dipl_image_card_carousel_item][dipl_image_card_carousel_item title=&#8221;Environ 4 hommes sur 5 \u00e0 Accord Mauricie occupent un r\u00f4le de p\u00e8re ou de beau-p\u00e8re. &#8221; _builder_version=&#8221;4.18.0&#8243; _module_preset=&#8221;62c0c111-38fc-4dfc-8669-7da673499fe3&#8243; hover_enabled=&#8221;0&#8243; global_colors_info=&#8221;{}&#8221; sticky_enabled=&#8221;0&#8243;]<\/p>\n<p>Tu n\u2019es pas seul, ta r\u00e9alit\u00e9 de papa on la conna\u00eet bien !<\/p>\n<p>[\/dipl_image_card_carousel_item][\/dipl_image_card_carousel][\/et_pb_column][\/et_pb_row][et_pb_row _builder_version=&#8221;4.18.0&#8243; _module_preset=&#8221;default&#8221; custom_margin=&#8221;50px||||false|false&#8221; global_colors_info=&#8221;{}&#8221;][et_pb_column type=&#8221;4_4&#8243; _builder_version=&#8221;4.18.0&#8243; _module_preset=&#8221;default&#8221; global_colors_info=&#8221;{}&#8221;][et_pb_button button_url=&#8221;@ET-DC@eyJkeW5hbWljIjp0cnVlLCJjb250ZW50IjoicG9zdF9saW5rX3VybF9wYWdlIiwic2V0dGluZ3MiOnsicG9zdF9pZCI6IjEzIn19@&#8221; button_text=&#8221;Support services&#8221; button_alignment=&#8221;center&#8221; _builder_version=&#8221;4.18.0&#8243; _dynamic_attributes=&#8221;button_url&#8221; _module_preset=&#8221;default&#8221; global_colors_info=&#8221;{}&#8221;][\/et_pb_button][\/et_pb_column][\/et_pb_row][\/et_pb_section]<\/p>\n","protected":false},"excerpt":{"rendered":"<p>The breakup of a love affairThe breakup of a relationship is a major source of stress in a person&#8217;s life. It brings its share of emotions, worries&#8230; and reactions! Of course, this is experienced differently from one person to another and according to the circumstances of the breakup. The important thing here is to remember [&hellip;]<\/p>\n","protected":false},"author":1,"featured_media":911,"parent":0,"menu_order":0,"comment_status":"closed","ping_status":"closed","template":"","meta":{"_acf_changed":false,"_et_pb_use_builder":"on","_et_pb_old_content":"","_et_gb_content_width":"","footnotes":""},"acf":[],"_links":{"self":[{"href":"https:\/\/accordmauricie.com\/en\/wp-json\/wp\/v2\/pages\/1066"}],"collection":[{"href":"https:\/\/accordmauricie.com\/en\/wp-json\/wp\/v2\/pages"}],"about":[{"href":"https:\/\/accordmauricie.com\/en\/wp-json\/wp\/v2\/types\/page"}],"author":[{"embeddable":true,"href":"https:\/\/accordmauricie.com\/en\/wp-json\/wp\/v2\/users\/1"}],"replies":[{"embeddable":true,"href":"https:\/\/accordmauricie.com\/en\/wp-json\/wp\/v2\/comments?post=1066"}],"version-history":[{"count":5,"href":"https:\/\/accordmauricie.com\/en\/wp-json\/wp\/v2\/pages\/1066\/revisions"}],"predecessor-version":[{"id":1071,"href":"https:\/\/accordmauricie.com\/en\/wp-json\/wp\/v2\/pages\/1066\/revisions\/1071"}],"wp:featuredmedia":[{"embeddable":true,"href":"https:\/\/accordmauricie.com\/en\/wp-json\/wp\/v2\/media\/911"}],"wp:attachment":[{"href":"https:\/\/accordmauricie.com\/en\/wp-json\/wp\/v2\/media?parent=1066"}],"curies":[{"name":"wp","href":"https:\/\/api.w.org\/{rel}","templated":true}]}}