{"id":1060,"date":"2022-08-16T18:23:13","date_gmt":"2022-08-16T18:23:13","guid":{"rendered":"https:\/\/accordmauricie.com\/community-services\/"},"modified":"2023-04-19T17:23:21","modified_gmt":"2023-04-19T17:23:21","slug":"community-services","status":"publish","type":"page","link":"https:\/\/accordmauricie.com\/en\/community-services\/","title":{"rendered":"Community services"},"content":{"rendered":"<p>[et_pb_section fb_built=&#8221;1&#8243; custom_padding_last_edited=&#8221;on|desktop&#8221; admin_label=&#8221;Header Title &#8221; _builder_version=&#8221;4.18.0&#8243; _module_preset=&#8221;4a198525-ab30-4a17-9b75-70f061ccbc70&#8243; custom_padding_tablet=&#8221;150px||||false|false&#8221; custom_padding_phone=&#8221;150px||||false|false&#8221; global_module=&#8221;397&#8243; saved_tabs=&#8221;all&#8221; global_colors_info=&#8221;{}&#8221;][et_pb_row _builder_version=&#8221;4.18.0&#8243; _module_preset=&#8221;default&#8221; height=&#8221;350px&#8221; height_tablet=&#8221;300px&#8221; height_phone=&#8221;250px&#8221; height_last_edited=&#8221;on|desktop&#8221; global_colors_info=&#8221;{}&#8221;][et_pb_column type=&#8221;4_4&#8243; _builder_version=&#8221;4.18.0&#8243; _module_preset=&#8221;default&#8221; global_colors_info=&#8221;{}&#8221;][et_pb_text _builder_version=&#8221;4.18.0&#8243; _dynamic_attributes=&#8221;content&#8221; _module_preset=&#8221;10dce7ec-6078-4462-9b3a-cb5ad1457fdc&#8221; global_colors_info=&#8221;{}&#8221;]@ET-DC@eyJkeW5hbWljIjp0cnVlLCJjb250ZW50IjoicG9zdF90aXRsZSIsInNldHRpbmdzIjp7ImJlZm9yZSI6IjxoMT4iLCJhZnRlciI6IjxcL2gxPiJ9fQ==@[\/et_pb_text][\/et_pb_column][\/et_pb_row][\/et_pb_section][et_pb_section fb_built=&#8221;1&#8243; admin_label=&#8221;Img Bg&#8221; _builder_version=&#8221;4.18.0&#8243; _dynamic_attributes=&#8221;background_image&#8221; _module_preset=&#8221;default&#8221; background_image=&#8221;@ET-DC@eyJkeW5hbWljIjp0cnVlLCJjb250ZW50IjoicG9zdF9mZWF0dXJlZF9pbWFnZSIsInNldHRpbmdzIjp7fX0=@&#8221; positioning=&#8221;fixed&#8221; height=&#8221;100vh&#8221; custom_margin=&#8221;0px|0px|0px|0px|true|true&#8221; custom_padding=&#8221;0px|0px|0px|0px|true|true&#8221; global_module=&#8221;396&#8243; global_colors_info=&#8221;{}&#8221;][\/et_pb_section][et_pb_section fb_built=&#8221;1&#8243; _builder_version=&#8221;4.18.0&#8243; _module_preset=&#8221;default&#8221; background_color=&#8221;RGBA(255,255,255,0)&#8221; use_background_color_gradient=&#8221;on&#8221; background_color_gradient_stops=&#8221;rgba(51,51,51,0) 1%|#0a0202 40%&#8221; custom_margin=&#8221;||||false|false&#8221; custom_padding=&#8221;0px||250px||false|false&#8221; global_colors_info=&#8221;{}&#8221;][et_pb_row _builder_version=&#8221;4.18.0&#8243; _module_preset=&#8221;default&#8221; custom_padding=&#8221;0px||0px||true|false&#8221; global_module=&#8221;162&#8243; global_colors_info=&#8221;{}&#8221;][et_pb_column type=&#8221;4_4&#8243; _builder_version=&#8221;4.18.0&#8243; _module_preset=&#8221;default&#8221; global_colors_info=&#8221;{}&#8221;][et_pb_divider color=&#8221;#C7B768&#8243; divider_position=&#8221;center&#8221; _builder_version=&#8221;4.18.0&#8243; _module_preset=&#8221;default&#8221; global_colors_info=&#8221;{}&#8221;][\/et_pb_divider][\/et_pb_column][\/et_pb_row][et_pb_row column_structure=&#8221;1_3,2_3&#8243; _builder_version=&#8221;4.18.0&#8243; _module_preset=&#8221;default&#8221; global_colors_info=&#8221;{}&#8221;][et_pb_column type=&#8221;1_3&#8243; _builder_version=&#8221;4.18.0&#8243; _module_preset=&#8221;default&#8221; global_colors_info=&#8221;{}&#8221;][et_pb_text _builder_version=&#8221;4.18.0&#8243; _module_preset=&#8221;a46fb1a5-5787-406c-984c-e5bbd7bf54df&#8221; global_colors_info=&#8221;{}&#8221;]<\/p>\n<h2>Training and conferences<\/h2>\n<p>[\/et_pb_text][\/et_pb_column][et_pb_column type=&#8221;2_3&#8243; _builder_version=&#8221;4.18.0&#8243; _module_preset=&#8221;default&#8221; global_colors_info=&#8221;{}&#8221;][et_pb_text _builder_version=&#8221;4.18.0&#8243; _module_preset=&#8221;a46fb1a5-5787-406c-984c-e5bbd7bf54df&#8221; global_colors_info=&#8221;{}&#8221;]<\/p>\n<p>Accord Mauricie offers a repertoire of training sessions on the themes of conjugal violence, intervention with men and the prevention of femicides. Other customized training sessions can also be offered according to the needs of the community.<\/p>\n<p>[\/et_pb_text][\/et_pb_column][\/et_pb_row][et_pb_row _builder_version=&#8221;4.18.0&#8243; _module_preset=&#8221;default&#8221; custom_padding=&#8221;0px||0px||true|false&#8221; global_module=&#8221;162&#8243; saved_tabs=&#8221;all&#8221; global_colors_info=&#8221;{}&#8221;][et_pb_column type=&#8221;4_4&#8243; _builder_version=&#8221;4.18.0&#8243; _module_preset=&#8221;default&#8221; global_colors_info=&#8221;{}&#8221;][et_pb_divider color=&#8221;#C7B768&#8243; divider_position=&#8221;center&#8221; _builder_version=&#8221;4.18.0&#8243; _module_preset=&#8221;default&#8221; global_colors_info=&#8221;{}&#8221;][\/et_pb_divider][\/et_pb_column][\/et_pb_row][et_pb_row column_structure=&#8221;1_3,2_3&#8243; _builder_version=&#8221;4.18.0&#8243; _module_preset=&#8221;default&#8221; global_colors_info=&#8221;{}&#8221;][et_pb_column type=&#8221;1_3&#8243; _builder_version=&#8221;4.18.0&#8243; _module_preset=&#8221;default&#8221; global_colors_info=&#8221;{}&#8221;][et_pb_text _builder_version=&#8221;4.18.0&#8243; _module_preset=&#8221;a46fb1a5-5787-406c-984c-e5bbd7bf54df&#8221; global_colors_info=&#8221;{}&#8221;]<\/p>\n<h2>Awareness workshops<\/h2>\n<p>[\/et_pb_text][\/et_pb_column][et_pb_column type=&#8221;2_3&#8243; _builder_version=&#8221;4.18.0&#8243; _module_preset=&#8221;default&#8221; global_colors_info=&#8221;{}&#8221;][et_pb_text _builder_version=&#8221;4.18.0&#8243; _module_preset=&#8221;a46fb1a5-5787-406c-984c-e5bbd7bf54df&#8221; global_colors_info=&#8221;{}&#8221;]<\/p>\n<p>It is always a pleasure for us to meet youth, students and workers in their own environment. We can organize awareness workshops and information booths, which provide excellent opportunities to reach out to the population as a whole.<\/p>\n<p>[\/et_pb_text][\/et_pb_column][\/et_pb_row][et_pb_row _builder_version=&#8221;4.18.0&#8243; _module_preset=&#8221;default&#8221; custom_padding=&#8221;0px||0px||true|false&#8221; global_module=&#8221;162&#8243; saved_tabs=&#8221;all&#8221; global_colors_info=&#8221;{}&#8221;][et_pb_column type=&#8221;4_4&#8243; _builder_version=&#8221;4.18.0&#8243; _module_preset=&#8221;default&#8221; global_colors_info=&#8221;{}&#8221;][et_pb_divider color=&#8221;#C7B768&#8243; divider_position=&#8221;center&#8221; _builder_version=&#8221;4.18.0&#8243; _module_preset=&#8221;default&#8221; global_colors_info=&#8221;{}&#8221;][\/et_pb_divider][\/et_pb_column][\/et_pb_row][et_pb_row column_structure=&#8221;1_3,2_3&#8243; _builder_version=&#8221;4.18.0&#8243; _module_preset=&#8221;default&#8221; global_colors_info=&#8221;{}&#8221;][et_pb_column type=&#8221;1_3&#8243; _builder_version=&#8221;4.18.0&#8243; _module_preset=&#8221;default&#8221; global_colors_info=&#8221;{}&#8221;][et_pb_text _builder_version=&#8221;4.18.0&#8243; _module_preset=&#8221;a46fb1a5-5787-406c-984c-e5bbd7bf54df&#8221; global_colors_info=&#8221;{}&#8221;]<\/p>\n<h2>Supervision and clinical expertise<\/h2>\n<p>[\/et_pb_text][\/et_pb_column][et_pb_column type=&#8221;2_3&#8243; _builder_version=&#8221;4.18.0&#8243; _module_preset=&#8221;default&#8221; global_colors_info=&#8221;{}&#8221;][et_pb_text _builder_version=&#8221;4.18.0&#8243; _module_preset=&#8221;a46fb1a5-5787-406c-984c-e5bbd7bf54df&#8221; global_colors_info=&#8221;{}&#8221;]<\/p>\n<p>Working with men with violent behaviour is a specialty and it is normal to require coaching in order to become and intervener. In order to facilitate referrals but also to support the interveners, Accord Mauricie shares its clinical expertise with resources that request it, as well as by welcoming trainees and by cooperating with the media.<\/p>\n<p>[\/et_pb_text][\/et_pb_column][\/et_pb_row][et_pb_row _builder_version=&#8221;4.18.0&#8243; _module_preset=&#8221;default&#8221; custom_padding=&#8221;0px||0px||true|false&#8221; global_module=&#8221;162&#8243; saved_tabs=&#8221;all&#8221; global_colors_info=&#8221;{}&#8221;][et_pb_column type=&#8221;4_4&#8243; _builder_version=&#8221;4.18.0&#8243; _module_preset=&#8221;default&#8221; global_colors_info=&#8221;{}&#8221;][et_pb_divider color=&#8221;#C7B768&#8243; divider_position=&#8221;center&#8221; _builder_version=&#8221;4.18.0&#8243; _module_preset=&#8221;default&#8221; global_colors_info=&#8221;{}&#8221;][\/et_pb_divider][\/et_pb_column][\/et_pb_row][et_pb_row column_structure=&#8221;1_3,2_3&#8243; _builder_version=&#8221;4.18.0&#8243; _module_preset=&#8221;default&#8221; global_colors_info=&#8221;{}&#8221;][et_pb_column type=&#8221;1_3&#8243; _builder_version=&#8221;4.18.0&#8243; _module_preset=&#8221;default&#8221; global_colors_info=&#8221;{}&#8221;][et_pb_text _builder_version=&#8221;4.18.0&#8243; _module_preset=&#8221;a46fb1a5-5787-406c-984c-e5bbd7bf54df&#8221; global_colors_info=&#8221;{}&#8221;]<\/p>\n<h2>Consultation and research<\/h2>\n<p>[\/et_pb_text][\/et_pb_column][et_pb_column type=&#8221;2_3&#8243; _builder_version=&#8221;4.18.0&#8243; _module_preset=&#8221;default&#8221; global_colors_info=&#8221;{}&#8221;][et_pb_text _builder_version=&#8221;4.18.0&#8243; _module_preset=&#8221;a46fb1a5-5787-406c-984c-e5bbd7bf54df&#8221; global_colors_info=&#8221;{}&#8221;]<\/p>\n<p>Working to build a society free of violence requires a collective effort and Accord Mauricie is proud to contribute to consultation and research. Our organization is involved in several local, regional and provincial round tables and collaborates with various public and private research bodies.<\/p>\n<p>Comit\u00e9 intersectoriel en mati\u00e8re d&#8217;agression sexuelle et de violence conjugale<br \/>Table locale sant\u00e9 bien-\u00eatre des hommes<br \/>Table de concertation sant\u00e9 mentale, d\u00e9pendance et itin\u00e9rance de Shawinigan<br \/>Carrefour s\u00e9curit\u00e9 violence conjugale (CSVC)<br \/><a href=\"https:\/\/www.acoeurdhomme.com\/\" target=\"_blank\" rel=\"noopener\">\u00c0 c\u0153ur d\u2019homme<\/a> \u2013 R\u00e9seau d\u2019aide aux hommes pour une soci\u00e9t\u00e9 sans violence<br \/> Research projects in partnership with UQTR, UL, Sherbrooke and CRIPCAS<\/p>\n<p>[\/et_pb_text][\/et_pb_column][\/et_pb_row][\/et_pb_section]<\/p>\n","protected":false},"excerpt":{"rendered":"<p>Training and conferencesAccord Mauricie offers a repertoire of training sessions on the themes of conjugal violence, intervention with men and the prevention of femicides. Other customized training sessions can also be offered according to the needs of the community.Awareness workshopsIt is always a pleasure for us to meet youth, students and workers in their own [&hellip;]<\/p>\n","protected":false},"author":1,"featured_media":915,"parent":0,"menu_order":0,"comment_status":"closed","ping_status":"closed","template":"","meta":{"_acf_changed":false,"_et_pb_use_builder":"on","_et_pb_old_content":"","_et_gb_content_width":"","footnotes":""},"acf":[],"_links":{"self":[{"href":"https:\/\/accordmauricie.com\/en\/wp-json\/wp\/v2\/pages\/1060"}],"collection":[{"href":"https:\/\/accordmauricie.com\/en\/wp-json\/wp\/v2\/pages"}],"about":[{"href":"https:\/\/accordmauricie.com\/en\/wp-json\/wp\/v2\/types\/page"}],"author":[{"embeddable":true,"href":"https:\/\/accordmauricie.com\/en\/wp-json\/wp\/v2\/users\/1"}],"replies":[{"embeddable":true,"href":"https:\/\/accordmauricie.com\/en\/wp-json\/wp\/v2\/comments?post=1060"}],"version-history":[{"count":5,"href":"https:\/\/accordmauricie.com\/en\/wp-json\/wp\/v2\/pages\/1060\/revisions"}],"predecessor-version":[{"id":1065,"href":"https:\/\/accordmauricie.com\/en\/wp-json\/wp\/v2\/pages\/1060\/revisions\/1065"}],"wp:featuredmedia":[{"embeddable":true,"href":"https:\/\/accordmauricie.com\/en\/wp-json\/wp\/v2\/media\/915"}],"wp:attachment":[{"href":"https:\/\/accordmauricie.com\/en\/wp-json\/wp\/v2\/media?parent=1060"}],"curies":[{"name":"wp","href":"https:\/\/api.w.org\/{rel}","templated":true}]}}