{"id":1041,"date":"2022-09-15T19:31:59","date_gmt":"2022-09-15T19:31:59","guid":{"rendered":"https:\/\/accordmauricie.com\/contact-us\/"},"modified":"2023-04-19T15:34:44","modified_gmt":"2023-04-19T15:34:44","slug":"contact-us","status":"publish","type":"page","link":"https:\/\/accordmauricie.com\/en\/contact-us\/","title":{"rendered":"Contact us"},"content":{"rendered":"<p>[et_pb_section fb_built=&#8221;1&#8243; custom_padding_last_edited=&#8221;on|desktop&#8221; admin_label=&#8221;Header Title &#8221; _builder_version=&#8221;4.18.0&#8243; _module_preset=&#8221;4a198525-ab30-4a17-9b75-70f061ccbc70&#8243; custom_padding_tablet=&#8221;150px||||false|false&#8221; custom_padding_phone=&#8221;150px||||false|false&#8221; global_module=&#8221;397&#8243; saved_tabs=&#8221;all&#8221; global_colors_info=&#8221;{}&#8221;][et_pb_row _builder_version=&#8221;4.18.0&#8243; _module_preset=&#8221;default&#8221; height=&#8221;350px&#8221; height_tablet=&#8221;300px&#8221; height_phone=&#8221;250px&#8221; height_last_edited=&#8221;on|desktop&#8221; global_colors_info=&#8221;{}&#8221;][et_pb_column type=&#8221;4_4&#8243; _builder_version=&#8221;4.18.0&#8243; _module_preset=&#8221;default&#8221; global_colors_info=&#8221;{}&#8221;][et_pb_text _builder_version=&#8221;4.18.0&#8243; _dynamic_attributes=&#8221;content&#8221; _module_preset=&#8221;10dce7ec-6078-4462-9b3a-cb5ad1457fdc&#8221; global_colors_info=&#8221;{}&#8221;]@ET-DC@eyJkeW5hbWljIjp0cnVlLCJjb250ZW50IjoicG9zdF90aXRsZSIsInNldHRpbmdzIjp7ImJlZm9yZSI6IjxoMT4iLCJhZnRlciI6IjxcL2gxPiJ9fQ==@[\/et_pb_text][\/et_pb_column][\/et_pb_row][\/et_pb_section][et_pb_section fb_built=&#8221;1&#8243; admin_label=&#8221;Img Bg&#8221; _builder_version=&#8221;4.18.0&#8243; _dynamic_attributes=&#8221;background_image&#8221; _module_preset=&#8221;default&#8221; background_image=&#8221;@ET-DC@eyJkeW5hbWljIjp0cnVlLCJjb250ZW50IjoicG9zdF9mZWF0dXJlZF9pbWFnZSIsInNldHRpbmdzIjp7fX0=@&#8221; positioning=&#8221;fixed&#8221; height=&#8221;100vh&#8221; custom_margin=&#8221;0px|0px|0px|0px|true|true&#8221; custom_padding=&#8221;0px|0px|0px|0px|true|true&#8221; global_module=&#8221;396&#8243; global_colors_info=&#8221;{}&#8221;][\/et_pb_section][et_pb_section fb_built=&#8221;1&#8243; _builder_version=&#8221;4.18.0&#8243; _module_preset=&#8221;default&#8221; background_color=&#8221;RGBA(255,255,255,0)&#8221; use_background_color_gradient=&#8221;on&#8221; background_color_gradient_stops=&#8221;rgba(51,51,51,0) 1%|#0a0202 40%&#8221; custom_margin=&#8221;||||false|false&#8221; custom_padding=&#8221;0px||250px||false|false&#8221; global_colors_info=&#8221;{}&#8221;][et_pb_row _builder_version=&#8221;4.18.0&#8243; _module_preset=&#8221;default&#8221; custom_padding=&#8221;0px||0px||true|false&#8221; global_module=&#8221;162&#8243; global_colors_info=&#8221;{}&#8221;][et_pb_column type=&#8221;4_4&#8243; _builder_version=&#8221;4.18.0&#8243; _module_preset=&#8221;default&#8221; global_colors_info=&#8221;{}&#8221;][et_pb_divider color=&#8221;#C7B768&#8243; divider_position=&#8221;center&#8221; _builder_version=&#8221;4.18.0&#8243; _module_preset=&#8221;default&#8221; global_colors_info=&#8221;{}&#8221;][\/et_pb_divider][\/et_pb_column][\/et_pb_row][et_pb_row column_structure=&#8221;1_3,1_3,1_3&#8243; _builder_version=&#8221;4.18.0&#8243; _module_preset=&#8221;default&#8221; global_colors_info=&#8221;{}&#8221;][et_pb_column type=&#8221;1_3&#8243; _builder_version=&#8221;4.18.0&#8243; _module_preset=&#8221;default&#8221; global_colors_info=&#8221;{}&#8221;][et_pb_text _builder_version=&#8221;4.18.0&#8243; _module_preset=&#8221;1fafbca3-61a1-4603-9a5a-01122ac3fee7&#8243; global_colors_info=&#8221;{}&#8221;]<\/p>\n<h1>Our contact details<\/h1>\n<p>[\/et_pb_text][\/et_pb_column][et_pb_column type=&#8221;1_3&#8243; _builder_version=&#8221;4.18.0&#8243; _module_preset=&#8221;default&#8221; global_colors_info=&#8221;{}&#8221;][et_pb_text _builder_version=&#8221;4.18.0&#8243; _module_preset=&#8221;0d47efba-35db-465d-a907-6c71a89c9ad6&#8243; global_colors_info=&#8221;{}&#8221;]<\/p>\n<p>991 Champflour Street<br \/>Trois-Rivi\u00e8res, Qu\u00e9bec G9A 1Z8<br \/>Telephone: (819) 693-5264<br \/>Fax: (819) 693-6500<br \/>Email: <a href=\"mailto:info@accordmauricie.com\">info@accordmauricie.com<\/a><\/p>\n<p>[\/et_pb_text][\/et_pb_column][et_pb_column type=&#8221;1_3&#8243; _builder_version=&#8221;4.18.0&#8243; _module_preset=&#8221;default&#8221; custom_css_main_element=&#8221;display: flex;||flex-direction: row;||flex-wrap: nowrap;||justify-content: center;||gap: 30px;&#8221; global_colors_info=&#8221;{}&#8221; custom_css_main_element_last_edited=&#8221;on|phone&#8221; custom_css_main_element_tablet=&#8221;display: flex;||flex-direction: row;||flex-wrap: nowrap;||justify-content: flex-start;||gap: 30px;&#8221; custom_css_main_element_phone=&#8221;display: flex;||flex-direction: row;||flex-wrap: nowrap;||justify-content: flex-start;||gap: 30px;&#8221;][et_pb_icon font_icon=&#8221;&#xe090;||divi||400&#8243; icon_width=&#8221;60px&#8221; url=&#8221;tel:8196935264&#8243; url_new_window=&#8221;on&#8221; icon_width_tablet=&#8221;50px&#8221; icon_width_phone=&#8221;40px&#8221; icon_width_last_edited=&#8221;on|phone&#8221; disabled_on=&#8221;off|on|on&#8221; _builder_version=&#8221;4.18.0&#8243; _module_preset=&#8221;default&#8221; global_colors_info=&#8221;{}&#8221;][\/et_pb_icon][et_pb_icon font_icon=&#8221;&#xf1fa;||fa||900&#8243; icon_width=&#8221;60px&#8221; url=&#8221;mailto:info@accordmauricie.com&#8221; url_new_window=&#8221;on&#8221; icon_width_tablet=&#8221;50px&#8221; icon_width_phone=&#8221;40px&#8221; icon_width_last_edited=&#8221;on|phone&#8221; _builder_version=&#8221;4.18.0&#8243; _module_preset=&#8221;default&#8221; global_colors_info=&#8221;{}&#8221;][\/et_pb_icon][et_pb_icon font_icon=&#8221;&#xf082;||fa||400&#8243; icon_width=&#8221;60px&#8221; url=&#8221;https:\/\/fr-fr.facebook.com\/laccordmauricie\/&#8221; url_new_window=&#8221;on&#8221; icon_width_tablet=&#8221;50px&#8221; icon_width_phone=&#8221;40px&#8221; icon_width_last_edited=&#8221;on|phone&#8221; _builder_version=&#8221;4.18.0&#8243; _module_preset=&#8221;default&#8221; global_colors_info=&#8221;{}&#8221;][\/et_pb_icon][et_pb_icon font_icon=&#8221;&#xf39f;||fa||400&#8243; icon_width=&#8221;60px&#8221; url=&#8221;http:\/\/m.me\/laccordmauricie&#8221; url_new_window=&#8221;on&#8221; icon_width_tablet=&#8221;50px&#8221; icon_width_phone=&#8221;40px&#8221; icon_width_last_edited=&#8221;on|phone&#8221; _builder_version=&#8221;4.18.0&#8243; _module_preset=&#8221;default&#8221; global_colors_info=&#8221;{}&#8221;][\/et_pb_icon][\/et_pb_column][\/et_pb_row][et_pb_row _builder_version=&#8221;4.18.0&#8243; _module_preset=&#8221;default&#8221; custom_padding=&#8221;0px||0px||true|false&#8221; global_module=&#8221;162&#8243; saved_tabs=&#8221;all&#8221; global_colors_info=&#8221;{}&#8221;][et_pb_column type=&#8221;4_4&#8243; _builder_version=&#8221;4.18.0&#8243; _module_preset=&#8221;default&#8221; global_colors_info=&#8221;{}&#8221;][et_pb_divider color=&#8221;#C7B768&#8243; divider_position=&#8221;center&#8221; _builder_version=&#8221;4.18.0&#8243; _module_preset=&#8221;default&#8221; global_colors_info=&#8221;{}&#8221;][\/et_pb_divider][\/et_pb_column][\/et_pb_row][et_pb_row column_structure=&#8221;1_3,2_3&#8243; _builder_version=&#8221;4.18.0&#8243; _module_preset=&#8221;default&#8221; global_colors_info=&#8221;{}&#8221;][et_pb_column type=&#8221;1_3&#8243; _builder_version=&#8221;4.18.0&#8243; _module_preset=&#8221;default&#8221; global_colors_info=&#8221;{}&#8221;][et_pb_text _builder_version=&#8221;4.18.0&#8243; _module_preset=&#8221;a46fb1a5-5787-406c-984c-e5bbd7bf54df&#8221; global_colors_info=&#8221;{}&#8221;]<\/p>\n<h1>Online information request<\/h1>\n<p>[\/et_pb_text][\/et_pb_column][et_pb_column type=&#8221;2_3&#8243; _builder_version=&#8221;4.18.0&#8243; _module_preset=&#8221;default&#8221; global_colors_info=&#8221;{}&#8221;][et_pb_text _builder_version=&#8221;4.18.0&#8243; _module_preset=&#8221;a46fb1a5-5787-406c-984c-e5bbd7bf54df&#8221; hover_enabled=&#8221;0&#8243; global_colors_info=&#8221;{}&#8221; sticky_enabled=&#8221;0&#8243;]<\/p>\n<p>Another (excellent!) way to get involved is to become a member of Accord Mauricie. As an autonomous community action organization, the involvement of volunteer members is an integral part of our identity and mission. We need you!<\/p>\n<p>[\/et_pb_text][dipl_gravity_form_styler gravity_form_id=&#8221;1&#8243; _builder_version=&#8221;4.18.0&#8243; _module_preset=&#8221;6c16b917-47ed-492a-89e7-5cffa8415f9e&#8221; global_colors_info=&#8221;{}&#8221;][\/dipl_gravity_form_styler][\/et_pb_column][\/et_pb_row][et_pb_row _builder_version=&#8221;4.18.0&#8243; _module_preset=&#8221;default&#8221; custom_padding=&#8221;0px||0px||true|false&#8221; global_module=&#8221;162&#8243; saved_tabs=&#8221;all&#8221; global_colors_info=&#8221;{}&#8221;][et_pb_column type=&#8221;4_4&#8243; _builder_version=&#8221;4.18.0&#8243; _module_preset=&#8221;default&#8221; global_colors_info=&#8221;{}&#8221;][et_pb_divider color=&#8221;#C7B768&#8243; divider_position=&#8221;center&#8221; _builder_version=&#8221;4.18.0&#8243; _module_preset=&#8221;default&#8221; global_colors_info=&#8221;{}&#8221;][\/et_pb_divider][\/et_pb_column][\/et_pb_row][\/et_pb_section][et_pb_section fb_built=&#8221;1&#8243; _builder_version=&#8221;4.18.0&#8243; _module_preset=&#8221;default&#8221; custom_padding=&#8221;||||false|false&#8221; top_divider_style=&#8221;curve&#8221; top_divider_color=&#8221;#0a0202&#8243; top_divider_height=&#8221;50px&#8221; top_divider_flip=&#8221;vertical&#8221; locked=&#8221;off&#8221; global_colors_info=&#8221;{}&#8221;][et_pb_row column_structure=&#8221;1_3,2_3&#8243; _builder_version=&#8221;4.18.0&#8243; _module_preset=&#8221;bbfac29c-f4c4-43ce-bf03-36719834c8f3&#8243; global_colors_info=&#8221;{}&#8221;][et_pb_column type=&#8221;1_3&#8243; _builder_version=&#8221;4.18.0&#8243; _module_preset=&#8221;default&#8221; global_colors_info=&#8221;{}&#8221;][et_pb_text _builder_version=&#8221;4.18.0&#8243; _module_preset=&#8221;default&#8221; header_2_text_color=&#8221;#C7B768&#8243; background_layout=&#8221;dark&#8221; global_colors_info=&#8221;{}&#8221;]<\/p>\n<h2>Le territoire desservi<\/h2>\n<p>[\/et_pb_text][\/et_pb_column][et_pb_column type=&#8221;2_3&#8243; _builder_version=&#8221;4.18.0&#8243; _module_preset=&#8221;default&#8221; global_colors_info=&#8221;{}&#8221;][et_pb_text _builder_version=&#8221;4.18.0&#8243; _module_preset=&#8221;default&#8221; header_2_text_color=&#8221;#C7B768&#8243; background_layout=&#8221;dark&#8221; global_colors_info=&#8221;{}&#8221;]<\/p>\n<p>Accord Mauricie offre ses services aux hommes adultes qui habitent la r\u00e9gion de la Mauricie ainsi que le secteur Nicolet-Yamaska-B\u00e9cancour de la r\u00e9gion du Centre-du-Qu\u00e9bec. Comme il s\u2019agit d\u2019un grand territoire, diff\u00e9rentes possibilit\u00e9s s\u2019offrent \u00e0 toi pour nous rencontrer : \u00e0 notre bureau principal de Trois-Rivi\u00e8res, \u00e0 nos points de services de Shawinigan, de Louiseville ou encore par visioconf\u00e9rence si la distance ne le permet pas.<\/p>\n<p>[\/et_pb_text][\/et_pb_column][\/et_pb_row][\/et_pb_section]<\/p>\n","protected":false},"excerpt":{"rendered":"<p>Our contact details991 Champflour StreetTrois-Rivi\u00e8res, Qu\u00e9bec G9A 1Z8Telephone: (819) 693-5264Fax: (819) 693-6500Email: info@accordmauricie.comOnline information requestAnother (excellent!) way to get involved is to become a member of Accord Mauricie. As an autonomous community action organization, the involvement of volunteer members is an integral part of our identity and mission. We need you!<div class=\"et_pb_with_border et_pb_module dipl_gravity_form_styler dipl_gravity_form_styler_0\">\n\t\t\t\t\n\t\t\t\t\n\t\t\t\t\n\t\t\t\t\n\t\t\t\t\n\t\t\t\t\n\t\t\t\t<div class=\"et_pb_module_inner\">\n\t\t\t\t\t<div class=\"dipl_gravity_form_styler_wrapper\"><script type=\"text\/javascript\">var gform;gform||(document.addEventListener(\"gform_main_scripts_loaded\",function(){gform.scriptsLoaded=!0}),window.addEventListener(\"DOMContentLoaded\",function(){gform.domLoaded=!0}),gform={domLoaded:!1,scriptsLoaded:!1,initializeOnLoaded:function(o){gform.domLoaded&&gform.scriptsLoaded?o():!gform.domLoaded&&gform.scriptsLoaded?window.addEventListener(\"DOMContentLoaded\",o):document.addEventListener(\"gform_main_scripts_loaded\",o)},hooks:{action:{},filter:{}},addAction:function(o,n,r,t){gform.addHook(\"action\",o,n,r,t)},addFilter:function(o,n,r,t){gform.addHook(\"filter\",o,n,r,t)},doAction:function(o){gform.doHook(\"action\",o,arguments)},applyFilters:function(o){return gform.doHook(\"filter\",o,arguments)},removeAction:function(o,n){gform.removeHook(\"action\",o,n)},removeFilter:function(o,n,r){gform.removeHook(\"filter\",o,n,r)},addHook:function(o,n,r,t,i){null==gform.hooks[o][n]&&(gform.hooks[o][n]=[]);var e=gform.hooks[o][n];null==i&&(i=n+\"_\"+e.length),gform.hooks[o][n].push({tag:i,callable:r,priority:t=null==t?10:t})},doHook:function(n,o,r){var t;if(r=Array.prototype.slice.call(r,1),null!=gform.hooks[n][o]&&((o=gform.hooks[n][o]).sort(function(o,n){return o.priority-n.priority}),o.forEach(function(o){\"function\"!=typeof(t=o.callable)&&(t=window[t]),\"action\"==n?t.apply(null,r):r[0]=t.apply(null,r)})),\"filter\"==n)return r[0]},removeHook:function(o,n,t,i){var r;null!=gform.hooks[o][n]&&(r=(r=gform.hooks[o][n]).filter(function(o,n,r){return!!(null!=i&&i!=o.tag||null!=t&&t!=o.priority)}),gform.hooks[o][n]=r)}});<\/script>\n                <div class='gf_browser_gecko gform_wrapper gravity-theme gform-theme--no-framework' data-form-theme='gravity-theme' data-form-index='0' id='gform_wrapper_1' ><form method='post' enctype='multipart\/form-data'  id='gform_1'  action='\/en\/wp-json\/wp\/v2\/pages\/1041' data-formid='1' novalidate>\n                        <div class='gform-body gform_body'><div id='gform_fields_1' class='gform_fields top_label form_sublabel_below description_below validation_below'><fieldset id=\"field_1_1\" class=\"gfield gfield--type-name field_sublabel_below gfield--no-description field_description_below field_validation_below gfield_visibility_visible\"  data-js-reload=\"field_1_1\" ><legend class='gfield_label gform-field-label gfield_label_before_complex' >Nom<\/legend><div class='ginput_complex ginput_container ginput_container--name no_prefix has_first_name no_middle_name has_last_name no_suffix gf_name_has_2 ginput_container_name gform-grid-row' id='input_1_1'>\n                            \n                            <span id='input_1_1_3_container' class='name_first gform-grid-col gform-grid-col--size-auto' >\n                                                    <input type='text' name='input_1.3' id='input_1_1_3' value=''   aria-required='false'     \/>\n                                                    <label for='input_1_1_3' class='gform-field-label gform-field-label--type-sub '>Pr\u00e9nom<\/label>\n                                                <\/span>\n                            \n                            <span id='input_1_1_6_container' class='name_last gform-grid-col gform-grid-col--size-auto' >\n                                                    <input type='text' name='input_1.6' id='input_1_1_6' value=''   aria-required='false'     \/>\n                                                    <label for='input_1_1_6' class='gform-field-label gform-field-label--type-sub '>Nom<\/label>\n                                                <\/span>\n                            \n                        <\/div><\/fieldset><div id=\"field_1_3\" class=\"gfield gfield--type-phone gfield--width-half field_sublabel_below gfield--no-description field_description_below field_validation_below gfield_visibility_visible\"  data-js-reload=\"field_1_3\" ><label class='gfield_label gform-field-label' for='input_1_3'>T\u00e9l\u00e9phone<\/label><div class='ginput_container ginput_container_phone'><input name='input_3' id='input_1_3' type='tel' value='' class='large'    aria-invalid=\"false\"   \/><\/div><\/div><div id=\"field_1_4\" class=\"gfield gfield--type-email gfield--width-half gfield_contains_required field_sublabel_below gfield--no-description field_description_below field_validation_below gfield_visibility_visible\"  data-js-reload=\"field_1_4\" ><label class='gfield_label gform-field-label' for='input_1_4'>Courriel<span class=\"gfield_required\"><span class=\"gfield_required gfield_required_text\">(Required)<\/span><\/span><\/label><div class='ginput_container ginput_container_email'>\n                            <input name='input_4' id='input_1_4' type='email' value='' class='large'    aria-required=\"true\" aria-invalid=\"false\"  \/>\n                        <\/div><\/div><div id=\"field_1_6\" class=\"gfield gfield--type-textarea gfield--width-full field_sublabel_below gfield--no-description field_description_below field_validation_below gfield_visibility_visible\"  data-js-reload=\"field_1_6\" ><label class='gfield_label gform-field-label' for='input_1_6'>Message<\/label><div class='ginput_container ginput_container_textarea'><textarea name='input_6' id='input_1_6' class='textarea large'      aria-invalid=\"false\"   rows='10' cols='50'><\/textarea><\/div><\/div><div id=\"field_1_7\" class=\"gfield gfield--type-honeypot gform_validation_container field_sublabel_below gfield--has-description field_description_below field_validation_below gfield_visibility_visible\"  data-js-reload=\"field_1_7\" ><label class='gfield_label gform-field-label' for='input_1_7'>Phone<\/label><div class='ginput_container'><input name='input_7' id='input_1_7' type='text' value='' autocomplete='new-password'\/><\/div><div class='gfield_description' id='gfield_description_1_7'>This field is for validation purposes and should be left unchanged.<\/div><\/div><\/div><\/div>\n        <div class='gform_footer top_label'> <input type='submit' id='gform_submit_button_1' class='gform_button button' value='Envoyez'  onclick='if(window[\"gf_submitting_1\"]){return false;}  if( !jQuery(\"#gform_1\")[0].checkValidity || jQuery(\"#gform_1\")[0].checkValidity()){window[\"gf_submitting_1\"]=true;}  ' onkeypress='if( event.keyCode == 13 ){ if(window[\"gf_submitting_1\"]){return false;} if( !jQuery(\"#gform_1\")[0].checkValidity || jQuery(\"#gform_1\")[0].checkValidity()){window[\"gf_submitting_1\"]=true;}  jQuery(\"#gform_1\").trigger(\"submit\",[true]); }' \/> \n            <input type='hidden' class='gform_hidden' name='is_submit_1' value='1' \/>\n            <input type='hidden' class='gform_hidden' name='gform_submit' value='1' \/>\n            \n            <input type='hidden' class='gform_hidden' name='gform_unique_id' value='' \/>\n            <input type='hidden' class='gform_hidden' name='state_1' value='WyJbXSIsImI0MDc3OTg3MTdlNzdjYWZkZWM3ZWIxOThhYzMxMDFmIl0=' \/>\n            <input type='hidden' class='gform_hidden' name='gform_target_page_number_1' id='gform_target_page_number_1' value='0' \/>\n            <input type='hidden' class='gform_hidden' name='gform_source_page_number_1' id='gform_source_page_number_1' value='1' \/>\n            <input type='hidden' name='gform_field_values' value='' \/>\n            \n        <\/div>\n                        <\/form>\n                        <\/div><script type=\"text\/javascript\">\n\/* <![CDATA[ *\/\n gform.initializeOnLoaded( function() {gformInitSpinner( 1, 'https:\/\/accordmauricie.com\/wp-content\/plugins\/gravityforms\/images\/spinner.svg', true );jQuery('#gform_ajax_frame_1').on('load',function(){var contents = jQuery(this).contents().find('*').html();var is_postback = contents.indexOf('GF_AJAX_POSTBACK') >= 0;if(!is_postback){return;}var form_content = jQuery(this).contents().find('#gform_wrapper_1');var is_confirmation = jQuery(this).contents().find('#gform_confirmation_wrapper_1').length > 0;var is_redirect = contents.indexOf('gformRedirect(){') >= 0;var is_form = form_content.length > 0 && ! is_redirect && ! is_confirmation;var mt = parseInt(jQuery('html').css('margin-top'), 10) + parseInt(jQuery('body').css('margin-top'), 10) + 100;if(is_form){jQuery('#gform_wrapper_1').html(form_content.html());if(form_content.hasClass('gform_validation_error')){jQuery('#gform_wrapper_1').addClass('gform_validation_error');} else {jQuery('#gform_wrapper_1').removeClass('gform_validation_error');}setTimeout( function() { \/* delay the scroll by 50 milliseconds to fix a bug in chrome *\/  }, 50 );if(window['gformInitDatepicker']) {gformInitDatepicker();}if(window['gformInitPriceFields']) {gformInitPriceFields();}var current_page = jQuery('#gform_source_page_number_1').val();gformInitSpinner( 1, 'https:\/\/accordmauricie.com\/wp-content\/plugins\/gravityforms\/images\/spinner.svg', true );jQuery(document).trigger('gform_page_loaded', [1, current_page]);window['gf_submitting_1'] = false;}else if(!is_redirect){var confirmation_content = jQuery(this).contents().find('.GF_AJAX_POSTBACK').html();if(!confirmation_content){confirmation_content = contents;}jQuery('#gform_wrapper_1').replaceWith(confirmation_content);jQuery(document).trigger('gform_confirmation_loaded', [1]);window['gf_submitting_1'] = false;wp.a11y.speak(jQuery('#gform_confirmation_message_1').text());}else{jQuery('#gform_1').append(contents);if(window['gformRedirect']) {gformRedirect();}}jQuery(document).trigger(\"gform_pre_post_render\", [{ formId: \"1\", currentPage: \"current_page\", abort: function() { this.preventDefault(); } }]);                if (event && event.defaultPrevented) {                return;         }        const gformWrapperDiv = document.getElementById( \"gform_wrapper_1\" );        if ( gformWrapperDiv ) {            const visibilitySpan = document.createElement( \"span\" );            visibilitySpan.id = \"gform_visibility_test_1\";            gformWrapperDiv.insertAdjacentElement( \"afterend\", visibilitySpan );        }        const visibilityTestDiv = document.getElementById( \"gform_visibility_test_1\" );        let postRenderFired = false;                function triggerPostRender() {            if ( postRenderFired ) {                return;            }            postRenderFired = true;            jQuery( document ).trigger( 'gform_post_render', [1, current_page] );            gform.utils.trigger( { event: 'gform\/postRender', native: false, data: { formId: 1, currentPage: current_page } } );            if ( visibilityTestDiv ) {                visibilityTestDiv.parentNode.removeChild( visibilityTestDiv );            }        }        function debounce( func, wait, immediate ) {            var timeout;            return function() {                var context = this, args = arguments;                var later = function() {                    timeout = null;                    if ( !immediate ) func.apply( context, args );                };                var callNow = immediate && !timeout;                clearTimeout( timeout );                timeout = setTimeout( later, wait );                if ( callNow ) func.apply( context, args );            };        }        const debouncedTriggerPostRender = debounce( function() {            triggerPostRender();        }, 200 );        if ( visibilityTestDiv && visibilityTestDiv.offsetParent === null ) {            const observer = new MutationObserver( ( mutations ) => {                mutations.forEach( ( mutation ) => {                    if ( mutation.type === 'attributes' && visibilityTestDiv.offsetParent !== null ) {                        debouncedTriggerPostRender();                        observer.disconnect();                    }                });            });            observer.observe( document.body, {                attributes: true,                childList: false,                subtree: true,                attributeFilter: [ 'style', 'class' ],            });        } else {            triggerPostRender();        }    } );} ); \n\/* ]]> *\/\n<\/script>\n<\/div>\n\t\t\t\t<\/div>\n\t\t\t<\/div>Le [&hellip;]<\/p>\n","protected":false},"author":1,"featured_media":920,"parent":0,"menu_order":0,"comment_status":"closed","ping_status":"closed","template":"","meta":{"_acf_changed":false,"_et_pb_use_builder":"on","_et_pb_old_content":"","_et_gb_content_width":"","footnotes":""},"acf":[],"_links":{"self":[{"href":"https:\/\/accordmauricie.com\/en\/wp-json\/wp\/v2\/pages\/1041"}],"collection":[{"href":"https:\/\/accordmauricie.com\/en\/wp-json\/wp\/v2\/pages"}],"about":[{"href":"https:\/\/accordmauricie.com\/en\/wp-json\/wp\/v2\/types\/page"}],"author":[{"embeddable":true,"href":"https:\/\/accordmauricie.com\/en\/wp-json\/wp\/v2\/users\/1"}],"replies":[{"embeddable":true,"href":"https:\/\/accordmauricie.com\/en\/wp-json\/wp\/v2\/comments?post=1041"}],"version-history":[{"count":13,"href":"https:\/\/accordmauricie.com\/en\/wp-json\/wp\/v2\/pages\/1041\/revisions"}],"predecessor-version":[{"id":1059,"href":"https:\/\/accordmauricie.com\/en\/wp-json\/wp\/v2\/pages\/1041\/revisions\/1059"}],"wp:featuredmedia":[{"embeddable":true,"href":"https:\/\/accordmauricie.com\/en\/wp-json\/wp\/v2\/media\/920"}],"wp:attachment":[{"href":"https:\/\/accordmauricie.com\/en\/wp-json\/wp\/v2\/media?parent=1041"}],"curies":[{"name":"wp","href":"https:\/\/api.w.org\/{rel}","templated":true}]}}